{"id":700,"date":"2025-01-21T17:04:59","date_gmt":"2025-01-21T16:04:59","guid":{"rendered":"https:\/\/cienypico.es\/producto\/knights-errant\/"},"modified":"2026-03-11T12:16:30","modified_gmt":"2026-03-11T11:16:30","slug":"knights-errant","status":"publish","type":"product","link":"https:\/\/cienypico.es\/fr\/producto\/knights-errant\/","title":{"rendered":"Knight&rsquo;s Errant"},"content":{"rendered":"[vc_row type=\u00a0\u00bbin_container\u00a0\u00bb full_screen_row_position=\u00a0\u00bbmiddle\u00a0\u00bb column_margin=\u00a0\u00bbdefault\u00a0\u00bb column_direction=\u00a0\u00bbdefault\u00a0\u00bb column_direction_tablet=\u00a0\u00bbdefault\u00a0\u00bb column_direction_phone=\u00a0\u00bbdefault\u00a0\u00bb scene_position=\u00a0\u00bbcenter\u00a0\u00bb text_color=\u00a0\u00bbdark\u00a0\u00bb text_align=\u00a0\u00bbleft\u00a0\u00bb row_border_radius=\u00a0\u00bbnone\u00a0\u00bb row_border_radius_applies=\u00a0\u00bbbg\u00a0\u00bb overflow=\u00a0\u00bbvisible\u00a0\u00bb overlay_strength=\u00a0\u00bb0.3&Prime; gradient_direction=\u00a0\u00bbleft_to_right\u00a0\u00bb shape_divider_position=\u00a0\u00bbbottom\u00a0\u00bb bg_image_animation=\u00a0\u00bbnone\u00a0\u00bb][vc_column column_padding=\u00a0\u00bbno-extra-padding\u00a0\u00bb column_padding_tablet=\u00a0\u00bbinherit\u00a0\u00bb column_padding_phone=\u00a0\u00bbinherit\u00a0\u00bb column_padding_position=\u00a0\u00bball\u00a0\u00bb column_element_direction_desktop=\u00a0\u00bbdefault\u00a0\u00bb column_element_spacing=\u00a0\u00bbdefault\u00a0\u00bb desktop_text_alignment=\u00a0\u00bbdefault\u00a0\u00bb tablet_text_alignment=\u00a0\u00bbdefault\u00a0\u00bb phone_text_alignment=\u00a0\u00bbdefault\u00a0\u00bb background_color_opacity=\u00a0\u00bb1&Prime; background_hover_color_opacity=\u00a0\u00bb1&Prime; column_backdrop_filter=\u00a0\u00bbnone\u00a0\u00bb column_shadow=\u00a0\u00bbnone\u00a0\u00bb column_border_radius=\u00a0\u00bbnone\u00a0\u00bb column_link_target=\u00a0\u00bb_self\u00a0\u00bb column_position=\u00a0\u00bbdefault\u00a0\u00bb gradient_direction=\u00a0\u00bbleft_to_right\u00a0\u00bb overlay_strength=\u00a0\u00bb0.3&Prime; width=\u00a0\u00bb1\/1&Prime; tablet_width_inherit=\u00a0\u00bbdefault\u00a0\u00bb animation_type=\u00a0\u00bbdefault\u00a0\u00bb bg_image_animation=\u00a0\u00bbnone\u00a0\u00bb border_type=\u00a0\u00bbsimple\u00a0\u00bb column_border_width=\u00a0\u00bbnone\u00a0\u00bb column_border_style=\u00a0\u00bbsolid\u00a0\u00bb][toggles style=\u00a0\u00bbdefault\u00a0\u00bb border_radius=\u00a0\u00bbnone\u00a0\u00bb][toggle color=\u00a0\u00bbDefault\u00a0\u00bb heading_tag=\u00a0\u00bbdefault\u00a0\u00bb heading_tag_functionality=\u00a0\u00bbdefault\u00a0\u00bb title=\u00a0\u00bbAccords mets-vins\u00a0\u00bb][vc_column_text css=\u00a0\u00bb\u00a0\u00bb text_direction=\u00a0\u00bbdefault\u00a0\u00bb]<img loading=\"lazy\" decoding=\"async\" class=\"alignnone size-full wp-image-281\" src=\"https:\/\/cienypico.es\/wp-content\/uploads\/2025\/01\/food-pairing-doblepasta-removebg-preview.png\" alt=\"\" width=\"258\" height=\"52\"><\/p>\n<p>Salades, jambon de premi\u00e8re qualit\u00e9, plats \u00e0 base de truffes blanches.[\/vc_column_text][\/toggle][toggle color=\u00a0\u00bbDefault\u00a0\u00bb heading_tag=\u00a0\u00bbdefault\u00a0\u00bb heading_tag_functionality=\u00a0\u00bbdefault\u00a0\u00bb title=\u00a0\u00bbMes qualit\u00e9s\u00a0\u00bb][vc_column_text css=\u00a0\u00bb\u00a0\u00bb text_direction=\u00a0\u00bbdefault\u00a0\u00bb]<strong>Couleur:<\/strong> veuillez noter que les l\u00e8vres, les dents et tout ce qui entre en contact avec ce vin deviennent violets. Si vous renversez ce vin, il tachera quelque chose. Vous \u00eates pr\u00e9venu.<br \/>\n<strong>Ar\u00f4mes<\/strong>: trou noir d&rsquo;odeurs profondes et concentr\u00e9es, le premier qui vient \u00e0 l&rsquo;esprit est une compote de myrtilles, de m\u00fbres et de chocolat noir le plus fin \u00e0 99% de cacao. Des notes de cannelle, d&rsquo;\u00e9pices et des odeurs exotiques de poivre noir frais, de lys et de safran ! Les ar\u00f4mes de barriques de ch\u00eane fran\u00e7ais les plus raffin\u00e9es se compl\u00e8tent \u00e0 merveille.<br \/>\n<strong>Bouche:<\/strong> un v\u00e9ritable blockbuster. Des m\u00fbres intenses, fortes mais douces, un gant de velours sur une poigne de fer. En outre, du cuir noir, des tanins secs \u00e0 forte teneur en cacao et une bouche presque truff\u00e9e de chocolat, soutenue par un cheesecake cr\u00e9meux \u00e0 la myrtille et de la m\u00fbre pure. Tout cela dans votre palais, oui.[\/vc_column_text][\/toggle][\/toggles][\/vc_column][\/vc_row][vc_row type=\u00a0\u00bbin_container\u00a0\u00bb full_screen_row_position=\u00a0\u00bbmiddle\u00a0\u00bb column_margin=\u00a0\u00bbdefault\u00a0\u00bb column_direction=\u00a0\u00bbdefault\u00a0\u00bb column_direction_tablet=\u00a0\u00bbdefault\u00a0\u00bb column_direction_phone=\u00a0\u00bbdefault\u00a0\u00bb scene_position=\u00a0\u00bbcenter\u00a0\u00bb text_color=\u00a0\u00bbdark\u00a0\u00bb text_align=\u00a0\u00bbleft\u00a0\u00bb row_border_radius=\u00a0\u00bbnone\u00a0\u00bb row_border_radius_applies=\u00a0\u00bbbg\u00a0\u00bb overflow=\u00a0\u00bbvisible\u00a0\u00bb overlay_strength=\u00a0\u00bb0.3&Prime; gradient_direction=\u00a0\u00bbleft_to_right\u00a0\u00bb shape_divider_position=\u00a0\u00bbbottom\u00a0\u00bb bg_image_animation=\u00a0\u00bbnone\u00a0\u00bb][vc_column column_padding=\u00a0\u00bbno-extra-padding\u00a0\u00bb column_padding_tablet=\u00a0\u00bbinherit\u00a0\u00bb column_padding_phone=\u00a0\u00bbinherit\u00a0\u00bb column_padding_position=\u00a0\u00bball\u00a0\u00bb column_element_direction_desktop=\u00a0\u00bbdefault\u00a0\u00bb column_element_spacing=\u00a0\u00bbdefault\u00a0\u00bb desktop_text_alignment=\u00a0\u00bbdefault\u00a0\u00bb tablet_text_alignment=\u00a0\u00bbdefault\u00a0\u00bb phone_text_alignment=\u00a0\u00bbdefault\u00a0\u00bb background_color_opacity=\u00a0\u00bb1&Prime; background_hover_color_opacity=\u00a0\u00bb1&Prime; column_backdrop_filter=\u00a0\u00bbnone\u00a0\u00bb column_shadow=\u00a0\u00bbnone\u00a0\u00bb column_border_radius=\u00a0\u00bbnone\u00a0\u00bb column_link_target=\u00a0\u00bb_self\u00a0\u00bb column_position=\u00a0\u00bbdefault\u00a0\u00bb gradient_direction=\u00a0\u00bbleft_to_right\u00a0\u00bb overlay_strength=\u00a0\u00bb0.3&Prime; width=\u00a0\u00bb1\/1&Prime; tablet_width_inherit=\u00a0\u00bbdefault\u00a0\u00bb animation_type=\u00a0\u00bbdefault\u00a0\u00bb bg_image_animation=\u00a0\u00bbnone\u00a0\u00bb border_type=\u00a0\u00bbsimple\u00a0\u00bb column_border_width=\u00a0\u00bbnone\u00a0\u00bb column_border_style=\u00a0\u00bbsolid\u00a0\u00bb][nectar_cta btn_style=\u00a0\u00bbarrow-animation\u00a0\u00bb heading_tag=\u00a0\u00bbh6&Prime; font_size_min=\u00a0\u00bb16px\u00a0\u00bb border_radius=\u00a0\u00bb0&Prime; button_color=\u00a0\u00bbdefault\u00a0\u00bb button_color_hover=\u00a0\u00bb#ffffff\u00a0\u00bb text_color=\u00a0\u00bb#fca103&Prime; text_color_hover=\u00a0\u00bb#fca103&Prime; button_border_color=\u00a0\u00bb#fca103&Prime; button_border_color_hover=\u00a0\u00bb#ffffff\u00a0\u00bb button_border_thickness=\u00a0\u00bb0px\u00a0\u00bb link_type=\u00a0\u00bbimage_lightbox\u00a0\u00bb alignment=\u00a0\u00bbleft\u00a0\u00bb alignment_tablet=\u00a0\u00bbdefault\u00a0\u00bb alignment_phone=\u00a0\u00bbdefault\u00a0\u00bb display=\u00a0\u00bbblock\u00a0\u00bb display_tablet=\u00a0\u00bbinherit\u00a0\u00bb display_phone=\u00a0\u00bbinherit\u00a0\u00bb url=\u00a0\u00bbhttps:\/\/cienypico.es\/wp-content\/uploads\/2025\/01\/Knights-Errant.pdf\u00a0\u00bb link_text=\u00a0\u00bbT\u00c9L\u00c9CHARGEZ LA FICHE DE D\u00c9GUSTATION COMPL\u00c8TE\u00a0\u00bb][\/vc_column][\/vc_row]\n","protected":false},"excerpt":{"rendered":"<blockquote>\n<h5>Le Knights-errant est trop long en bouche pour \u00eatre d\u00e9crit, si ce n&rsquo;est pour dire qu&rsquo;il est long et obs\u00e9dant dans les \u00e9chos de saveur.<\/h5>\n<\/blockquote>\n<ul>\n<li><strong>DO:<\/strong> Manchuela<\/li>\n<li><strong>Vari\u00e9t\u00e9s:<\/strong> Garnacha Tintoreta<\/li>\n<li><strong>Alcool:<\/strong> 14,1%.<\/li>\n<li><strong>Vieillissement<\/strong>: 16 mois en barriques neuves<\/li>\n<\/ul>\n","protected":false},"featured_media":704,"template":"","meta":[],"product_brand":[],"product_cat":[39],"product_tag":[],"class_list":{"0":"post-700","1":"product","2":"type-product","3":"status-publish","4":"has-post-thumbnail","6":"product_cat-vins","8":"first","9":"instock","10":"shipping-taxable","11":"product-type-simple"},"_links":{"self":[{"href":"https:\/\/cienypico.es\/fr\/wp-json\/wp\/v2\/product\/700","targetHints":{"allow":["GET"]}}],"collection":[{"href":"https:\/\/cienypico.es\/fr\/wp-json\/wp\/v2\/product"}],"about":[{"href":"https:\/\/cienypico.es\/fr\/wp-json\/wp\/v2\/types\/product"}],"wp:featuredmedia":[{"embeddable":true,"href":"https:\/\/cienypico.es\/fr\/wp-json\/wp\/v2\/media\/704"}],"wp:attachment":[{"href":"https:\/\/cienypico.es\/fr\/wp-json\/wp\/v2\/media?parent=700"}],"wp:term":[{"taxonomy":"product_brand","embeddable":true,"href":"https:\/\/cienypico.es\/fr\/wp-json\/wp\/v2\/product_brand?post=700"},{"taxonomy":"product_cat","embeddable":true,"href":"https:\/\/cienypico.es\/fr\/wp-json\/wp\/v2\/product_cat?post=700"},{"taxonomy":"product_tag","embeddable":true,"href":"https:\/\/cienypico.es\/fr\/wp-json\/wp\/v2\/product_tag?post=700"}],"curies":[{"name":"wp","href":"https:\/\/api.w.org\/{rel}","templated":true}]}}