{"id":721,"date":"2025-01-13T13:25:16","date_gmt":"2025-01-13T12:25:16","guid":{"rendered":"https:\/\/cienypico.es\/politique-en-matiere-de-cookies\/"},"modified":"2025-01-13T13:25:16","modified_gmt":"2025-01-13T12:25:16","slug":"politique-en-matiere-de-cookies","status":"publish","type":"page","link":"https:\/\/cienypico.es\/fr\/politique-en-matiere-de-cookies\/","title":{"rendered":"Politique en mati\u00e8re de cookies"},"content":{"rendered":"<p><em><strong>CIEN Y PICO WINE S. L.<\/strong><\/em> informez-vous sur l&rsquo;utilisation des cookies sur votre site web: <a href=\"https:\/\/cienypico.com\/\" target=\"_blank\" rel=\"noopener\">www.cienypico.com<\/a><\/p>\n<p><strong>Qu&rsquo;est-ce que les cookies ?<\/strong><\/p>\n<p>Les cookies sont des archives que vous pouvez t\u00e9l\u00e9charger sur votre ordinateur \u00e0 travers les pages web. Ce sont des outils qui jouent un r\u00f4le essentiel dans la prestation de nombreux services de la soci\u00e9t\u00e9 de l&rsquo;information. Ils permettent notamment \u00e0 une page web d&rsquo;enregistrer et de r\u00e9cup\u00e9rer des informations sur les habitudes de navigation d&rsquo;un utilisateur ou de son \u00e9quipement et, en fonction des informations obtenues, de les utiliser pour reconna\u00eetre l&rsquo;utilisateur et am\u00e9liorer le service offert.  <\/p>\n<p><strong>Types de cookies<\/strong><\/p>\n<p>On peut distinguer deux types de cookies en fonction de l&rsquo;entit\u00e9 qui g\u00e8re le domaine o\u00f9 ils sont envoy\u00e9s et traite les donn\u00e9es qu&rsquo;ils obtiennent :<\/p>\n<ul>\n<li>Cookies propres : ceux qui sont envoy\u00e9s \u00e0 l&rsquo;\u00e9quipement terminal de l&rsquo;utilisateur \u00e0 partir d&rsquo;un \u00e9quipement ou d&rsquo;un domaine g\u00e9r\u00e9 par son propre \u00e9diteur et \u00e0 partir duquel il fournit le service demand\u00e9 par l&rsquo;utilisateur.<\/li>\n<li>Cookies de tiers : cookies envoy\u00e9s \u00e0 l&rsquo;\u00e9quipement terminal de l&rsquo;utilisateur \u00e0 partir d&rsquo;un \u00e9quipement ou d&rsquo;un poste qui n&rsquo;est pas g\u00e9r\u00e9 par l&rsquo;\u00e9diteur, mais par une autre entit\u00e9 qui traite les donn\u00e9es obtenues par le biais de ces cookies.<\/li>\n<\/ul>\n<p>Dans le cas o\u00f9 les cookies sont install\u00e9s \u00e0 partir d&rsquo;un \u00e9quipement ou d&rsquo;un poste g\u00e9r\u00e9 par l&rsquo;\u00e9diteur lui-m\u00eame, mais que les informations r\u00e9cup\u00e9r\u00e9es gr\u00e2ce \u00e0 ces cookies sont g\u00e9r\u00e9es par un tiers, ils ne peuvent pas \u00eatre consid\u00e9r\u00e9s comme des cookies propres.<\/p>\n<p>Il existe \u00e9galement une deuxi\u00e8me classification en fonction de la dur\u00e9e de conservation des donn\u00e9es dans le navigateur du client, qui peut prendre la forme d&rsquo;une classification en fonction de la dur\u00e9e de conservation des donn\u00e9es :<\/p>\n<ul>\n<li>Cookies de session : con\u00e7us pour enregistrer et conserver des donn\u00e9es lorsque l&rsquo;utilisateur acc\u00e8de \u00e0 une page web. Ils peuvent \u00eatre utilis\u00e9s pour stocker des informations qui doivent \u00eatre conserv\u00e9es pour la prestation du service demand\u00e9 par l&rsquo;utilisateur en une seule occasion (par exemple, une liste de produits achet\u00e9s). <\/li>\n<li>Cookies persistants : les donn\u00e9es sont conserv\u00e9es dans le terminal et peuvent \u00eatre utilis\u00e9es et trait\u00e9es pendant une p\u00e9riode d\u00e9finie par le responsable du cookie, qui peut aller de quelques minutes \u00e0 plusieurs ann\u00e9es.<\/li>\n<\/ul>\n<p>Enfin, il existe une autre classification comprenant cinq types de cookies en fonction de la finalit\u00e9 du traitement des donn\u00e9es obtenues :<\/p>\n<ul>\n<li>Cookies techniques : les cookies qui permettent \u00e0 l&rsquo;utilisateur de naviguer sur une page web, une plateforme ou une application et d&rsquo;utiliser les diff\u00e9rentes options ou services qui y sont propos\u00e9s, comme, par exemple, contr\u00f4ler le trafic et la communication de donn\u00e9es, identifier la session, acc\u00e9der \u00e0 des parties d&rsquo;acc\u00e8s restreintes, enregistrer les \u00e9l\u00e9ments qui int\u00e8grent une demande, r\u00e9aliser le processus d&rsquo;achat d&rsquo;une demande, r\u00e9aliser la demande d&rsquo;inscription ou de participation \u00e0 un \u00e9v\u00e9nement, utiliser des \u00e9l\u00e9ments de s\u00e9curit\u00e9 pendant la navigation, conserver des contenus pour la diffusion de vid\u00e9os ou de sons ou partager des contenus par l&rsquo;interm\u00e9diaire de r\u00e9seaux sociaux.<\/li>\n<li>Cookies de personnalisation : permettent \u00e0 l&rsquo;utilisateur d&rsquo;acc\u00e9der au service avec certaines caract\u00e9ristiques de caract\u00e8re g\u00e9n\u00e9ral pr\u00e9d\u00e9finies en fonction d&rsquo;une s\u00e9rie de crit\u00e8res dans le terminal de l&rsquo;utilisateur, comme par exemple l&rsquo;idiome, le type de navigateur par lequel l&rsquo;utilisateur acc\u00e8de au service, la configuration r\u00e9gionale \u00e0 partir de laquelle l&rsquo;utilisateur acc\u00e8de au service, etc.<\/li>\n<li>Cookies d&rsquo;analyse : permettent au responsable de ces cookies de suivre et d&rsquo;analyser le comportement des utilisateurs des sites web auxquels ils sont associ\u00e9s. Les informations recueillies au moyen de ce type de cookies sont utilis\u00e9es pour mesurer l&rsquo;activit\u00e9 des sites web, des applications et des plates-formes et pour \u00e9laborer des profils de navigation des utilisateurs de ces sites, applications et plates-formes, dans le but d&rsquo;apporter des am\u00e9liorations en fonction de l&rsquo;analyse des donn\u00e9es d&rsquo;utilisation que font les utilisateurs du service. <\/li>\n<li>Cookies publicitaires : permettent la gestion, de la mani\u00e8re la plus efficace possible, des espaces publicitaires.<\/li>\n<li>Cookies de publicit\u00e9 comportementale : ils contiennent des informations sur le comportement des utilisateurs obtenues gr\u00e2ce \u00e0 l&rsquo;observation continue de leurs habitudes de navigation, ce qui permet de d\u00e9velopper un profil sp\u00e9cifique pour afficher la publicit\u00e9 en fonction de celui-ci.<\/li>\n<li>Cookies de r\u00e9seaux sociaux externes : ils sont utilis\u00e9s pour que les visiteurs puissent interagir avec le contenu de diff\u00e9rentes plateformes sociales (Facebook, YouTube, Twitter, LinkedIn, etc.) et ils sont g\u00e9n\u00e9r\u00e9s uniquement pour les utilisateurs de ces r\u00e9seaux sociaux. Les conditions d&rsquo;utilisation de ces cookies et les informations qu&rsquo;ils contiennent sont r\u00e9gies par la politique de confidentialit\u00e9 de la plateforme sociale correspondante. <\/li>\n<\/ul>\n<p><strong>D\u00e9sactivation et \u00e9limination des cookies<\/strong><\/p>\n<p>Vous avez la possibilit\u00e9 d&rsquo;autoriser, de bloquer ou d&rsquo;\u00e9liminer les cookies install\u00e9s sur votre \u00e9quipement par le biais de la configuration des options du navigateur install\u00e9 sur votre \u00e9quipement. En d\u00e9sactivant les cookies, certains des services disponibles pourraient ne plus \u00eatre op\u00e9rationnels. La m\u00e9thode de d\u00e9sactivation des cookies est diff\u00e9rente pour chaque navigateur, mais elle peut normalement \u00eatre utilis\u00e9e dans le menu \u00ab\u00a0Outils et options\u00a0\u00bb. Vous pouvez \u00e9galement consulter le menu Aide du navigateur, o\u00f9 vous trouverez des instructions. L&rsquo;utilisateur peut \u00e0 tout moment choisir les cookies qu&rsquo;il souhaite voir fonctionner sur ce site web.    <\/p>\n<p>Vous pouvez autoriser, bloquer ou \u00e9liminer les cookies install\u00e9s sur votre \u00e9quipement par le biais de la configuration des options du navigateur install\u00e9 sur votre ordinateur :<\/p>\n<ul>\n<li>Microsoft Internet Explorer o Microsoft Edge <a href=\"https:\/\/windows.microsoft.com\/es-es\/windows-vista\/Block-or-allow-cookies\" target=\"_blank\" rel=\"noopener\">: https:\/\/windows.microsoft.com\/es-es\/windows-vista\/Block-or-allow-cookies<\/a><\/li>\n<li>Mozilla Firefox <a href=\"https:\/\/support.mozilla.org\/es\/kb\/impedir-que-los-sitios-web-guarden-sus-preferencia\" target=\"_blank\" rel=\"noopener\">: https:\/\/support.mozilla.org\/es\/kb\/impedir-que-los-sitios-web-guarden-sus-preferencia<\/a><\/li>\n<li>Chrome <a href=\"https:\/\/support.google.com\/accounts\/answer\/61416?hl=es\" target=\"_blank\" rel=\"noopener\">: https:\/\/support.google.com\/accounts\/answer\/61416?hl=es<\/a><\/li>\n<li>Safari <a href=\"https:\/\/safari.helpmax.net\/es\/privacidad-y-seguridad\/como-gestionar-las-cookies\/\" target=\"_blank\" rel=\"noopener\">: https:\/\/safari.helpmax.net\/es\/privacidad-y-seguridad\/como-gestionar-las-cookies\/<\/a><\/li>\n<li>Op\u00e9ra <a href=\"https:\/\/help.opera.com\/Linux\/10.60\/es-ES\/cookies.html\" target=\"_blank\" rel=\"noopener\">: https:\/\/help.opera.com\/Linux\/10.60\/es-ES\/cookies.html<\/a><\/li>\n<\/ul>\n<p>En outre, vous pouvez g\u00e9rer l&rsquo;enregistrement des cookies dans votre navigateur \u00e0 l&rsquo;aide d&rsquo;outils tels que les suivants<\/p>\n<ul>\n<li>Ghostery : <a href=\"https:\/\/www.ghostery.com\/\" target=\"_blank\" rel=\"noopener\">www.ghostery.com\/<\/a><\/li>\n<li>Vos choix en ligne : <a href=\"https:\/\/www.youronlinechoices.com\/es\/\" target=\"_blank\" rel=\"noopener\">www.youronlinechoices.com\/es\/<\/a><\/li>\n<\/ul>\n<p>Cookies utilis\u00e9s sur <a href=\"https:\/\/www.miweb.es\/\" target=\"_blank\" rel=\"noopener\">www.miweb.es<\/a><\/p>\n<p>Vous trouverez ci-dessous une liste des cookies utilis\u00e9s sur ce portail, ainsi que leur type et leur fonction :<\/p>\n<p><strong>Acceptation de la politique en mati\u00e8re de cookies<\/strong><\/p>\n<p><a href=\"https:\/\/cienypico.com\/\" target=\"_blank\" rel=\"noopener\">www.cienypico.com<\/a> suppose que vous acceptez l&rsquo;utilisation de cookies. Cependant, vous trouverez des informations sur votre politique en mati\u00e8re de cookies dans la partie inf\u00e9rieure ou sup\u00e9rieure de chaque page du portail \u00e0 chaque d\u00e9but de session, afin que vous en soyez conscient. <\/p>\n<p>\u00c0 partir de ces informations, il est possible de prendre les mesures suivantes :<\/p>\n<ul>\n<li>Accepter les cookies. Cet avis ne s&rsquo;affichera pas lors de l&rsquo;acc\u00e8s \u00e0 n&rsquo;importe quelle page du portail pendant la pr\u00e9sente session. <\/li>\n<li>Cerrar. L&rsquo;avis se trouve dans la pr\u00e9sente page. <\/li>\n<li>Modifier votre configuration. Vous pouvez obtenir plus d&rsquo;informations sur les cookies, consulter la politique en mati\u00e8re de cookies et modifier la configuration de votre navigateur. <\/li>\n<\/ul>\n","protected":false},"excerpt":{"rendered":"<p>CIEN Y PICO WINE S. L. informez-vous sur l&rsquo;utilisation des cookies sur votre site web: www.cienypico.com Qu&rsquo;est-ce que les cookies ? Les cookies sont des archives que vous pouvez t\u00e9l\u00e9charger&#8230;<\/p>\n","protected":false},"author":1,"featured_media":0,"parent":0,"menu_order":0,"comment_status":"closed","ping_status":"closed","template":"","meta":{"footnotes":""},"class_list":["post-721","page","type-page","status-publish"],"_links":{"self":[{"href":"https:\/\/cienypico.es\/fr\/wp-json\/wp\/v2\/pages\/721","targetHints":{"allow":["GET"]}}],"collection":[{"href":"https:\/\/cienypico.es\/fr\/wp-json\/wp\/v2\/pages"}],"about":[{"href":"https:\/\/cienypico.es\/fr\/wp-json\/wp\/v2\/types\/page"}],"author":[{"embeddable":true,"href":"https:\/\/cienypico.es\/fr\/wp-json\/wp\/v2\/users\/1"}],"replies":[{"embeddable":true,"href":"https:\/\/cienypico.es\/fr\/wp-json\/wp\/v2\/comments?post=721"}],"version-history":[{"count":0,"href":"https:\/\/cienypico.es\/fr\/wp-json\/wp\/v2\/pages\/721\/revisions"}],"wp:attachment":[{"href":"https:\/\/cienypico.es\/fr\/wp-json\/wp\/v2\/media?parent=721"}],"curies":[{"name":"wp","href":"https:\/\/api.w.org\/{rel}","templated":true}]}}