{"id":718,"date":"2025-01-13T13:25:44","date_gmt":"2025-01-13T12:25:44","guid":{"rendered":"https:\/\/cienypico.es\/aviso-legal\/"},"modified":"2025-01-13T13:25:44","modified_gmt":"2025-01-13T12:25:44","slug":"aviso-legal","status":"publish","type":"page","link":"https:\/\/cienypico.es\/fr\/aviso-legal\/","title":{"rendered":"Aviso Legal"},"content":{"rendered":"<p><strong>D\u00e9nomination sociale:<\/strong> CIEN Y PICO WINE S. L.<\/p>\n<p><strong>Nombre Comercial:<\/strong> CIEN Y PICO<\/p>\n<p><strong>Domicilio Social:<\/strong> C\/ San Francisco, 19, 02240 MAHORA (ALBACETE)<\/p>\n<p><strong>CIF \/ NIF:<\/strong> B02521219<\/p>\n<p><strong>Tel\u00e9fono:<\/strong> +34 610239186<\/p>\n<p><strong>Activit\u00e9 CNAE:<\/strong> 1102 &#8211; \u00c9laboration de vins<\/p>\n<p><strong>E-Mail:<\/strong> <a href=\"mailto:luisjimenaz@gmail.com\"><em>luisjimenaz@gmail.com<\/em><\/a><\/p>\n<p><strong>P\u00e1gina Web:<\/strong> <a href=\"https:\/\/cienypico.com\/\" target=\"_blank\" rel=\"noopener\">www.cienypico.com<\/a><\/p>\n<p>El presente aviso legal recoge las condiciones generales que rigen el acceso y el uso del sitio web:<a href=\"https:\/\/cienypico.com\/\" target=\"_blank\" rel=\"noopener\"> www.cienypico.com<\/a> del que es titular <strong>CIEN Y PICO<\/strong> con domicilio: C\/ San Francisco, 19, 02240 MAHORA (ALBACETE) y CIF: B02521219 Telf: +34 610239186-mail: luisjimenaz@gmail.com<\/p>\n<p>L&rsquo;acc\u00e8s et l&rsquo;utilisation du site web impliquent l&rsquo;acceptation expresse et totale de ces conditions g\u00e9n\u00e9rales dans la version publi\u00e9e au moment o\u00f9 l&rsquo;utilisateur acc\u00e8de au site, sans pr\u00e9judice des conditions particuli\u00e8res qui pourraient s&rsquo;appliquer \u00e0 certains des services concrets du site web.<\/p>\n<p>L&rsquo;utilisateur accepte que l&rsquo;acc\u00e8s au pr\u00e9sent site web et aux contenus qui y sont inclus soit libre et conscient, sous sa responsabilit\u00e9 exclusive.<\/p>\n<p>Les utilisateurs acc\u00e8dent au site web de mani\u00e8re libre et gratuite, m\u00eame si <strong>CIEN Y PICO<\/strong> se r\u00e9serve le droit de limiter leur acc\u00e8s \u00e0 certains contenus ou services, en exigeant l&rsquo;enregistrement de leurs donn\u00e9es avant l&rsquo;acc\u00e8s.<\/p>\n<p><strong>CIEN Y PICO<\/strong> se r\u00e9serve le droit de modifier \u00e0 tout moment la pr\u00e9sentation, la configuration et la localisation du site web, ainsi que les contenus, les services et les conditions requises pour l&rsquo;utilisation de ces derniers lorsque cela est jug\u00e9 opportun ou dans le but de s&rsquo;adapter aux changements l\u00e9gislatifs et technologiques \u00e0 venir. Ces modifications seront valables d\u00e8s leur publication sur le site web. <\/p>\n<p><strong>CIEN Y PICO<\/strong> se r\u00e9serve le droit d&rsquo;interrompre l&rsquo;acc\u00e8s au pr\u00e9sent site web \u00e0 tout moment et sans pr\u00e9avis, que ce soit pour des raisons techniques, de s\u00e9curit\u00e9, de contr\u00f4le, de maintenance, pour des pannes d&rsquo;alimentation \u00e9lectrique ou pour toute autre raison. Cette interruption peut avoir un caract\u00e8re temporaire ou d\u00e9finitif, et dans ce cas, elle est communiqu\u00e9e aux utilisateurs, qui risquent de souffrir de la perte, dans leur cas, de l&rsquo;information stock\u00e9e dans les diff\u00e9rents services, sans qu&rsquo;il y ait d&rsquo;indemnisation. <\/p>\n<p>Con los l\u00edmites establecidos en la ley, no asume ninguna responsabilidad derivada de la falta de veracidad, integridad, actualizaci\u00f3n y precisi\u00f3n de los datos o informaciones que se contienen en sus p\u00e1ginas de Internet.<\/p>\n<p>Les contenus et les informations ne concernent pas <strong>CIEN Y PICO<\/strong> et ne constituent pas des avis, des conseils ou des conseils juridiques de quelque nature que ce soit, car il s&rsquo;agit principalement d&rsquo;un service offert \u00e0 titre informatif et divulgatif.<\/p>\n<p>La page Internet de <strong>CIEN Y PICO<\/strong> peut <span style=\"text-decoration: underline;\">contenir des<\/span> liens vers d&rsquo;autres pages de tiers que vous ne pouvez pas contr\u00f4ler.<\/p>\n<p>Par cons\u00e9quent, il ne peut \u00eatre tenu pour responsable du contenu des pages de tiers.<\/p>\n<p>Les textes, images, sons, animations, logiciels et le reste des contenus inclus dans ce site web sont la propri\u00e9t\u00e9 exclusive de <strong>CIEN Y PICO<\/strong> ou de ses licenci\u00e9s. Tout acte de transmission, de distribution, de cession, de reproduction, d&rsquo;archivage ou de communication publique totale ou partielle doit faire l&rsquo;objet d&rsquo;un consentement explicite de <strong>CIEN Y PICO<\/strong><br \/>\n. De m\u00eame, pour acc\u00e9der \u00e0 certains des services que<strong> CIEN Y PICO<\/strong> propose par l&rsquo;interm\u00e9diaire du site web, vous devez fournir certaines donn\u00e9es \u00e0 caract\u00e8re personnel. En cumplimiento de lo establecido en el Reglamento (UE) 2016\/679 del Parlamento Europeo y del Consejo, de 27 de abril de 2016, relativo a la protecci\u00f3n de las personas f\u00edsicas en lo que respecta al tratamiento de datos personales y a la libre circulaci\u00f3n de estos datos le informamos que, apr\u00e8s avoir rempli les pr\u00e9sents formulaires, vos donn\u00e9es personnelles seront incorpor\u00e9es et trait\u00e9es dans les fichiers de <strong>CIEN Y PICO<\/strong> afin de vous permettre de proposer nos services et de vous informer des am\u00e9liorations apport\u00e9es au site Web. De m\u00eame, nous vous informons de la possibilit\u00e9 d&rsquo;exercer les droits d&rsquo;acc\u00e8s, de rectification, d&rsquo;annulation et d&rsquo;opposition concernant vos donn\u00e9es \u00e0 caract\u00e8re personnel, gratuitement, par courrier \u00e9lectronique \u00e0 l&rsquo;adresse suivante: <a href=\"mailto:luisjimenaz@gmail.com\">luisjimenaz@gmail.com<\/a> ou \u00e0 l&rsquo;adresse suivante: C\/ San Francisco, 19, 02240 MAHORA (ALBACETE).<\/p>\n","protected":false},"excerpt":{"rendered":"<p>D\u00e9nomination sociale: CIEN Y PICO WINE S. L. Nombre Comercial: CIEN Y PICO Domicilio Social: C\/ San Francisco, 19, 02240 MAHORA (ALBACETE) CIF \/ NIF: B02521219 Tel\u00e9fono: +34 610239186 Activit\u00e9&#8230;<\/p>\n","protected":false},"author":1,"featured_media":0,"parent":0,"menu_order":0,"comment_status":"closed","ping_status":"closed","template":"","meta":{"footnotes":""},"class_list":["post-718","page","type-page","status-publish"],"_links":{"self":[{"href":"https:\/\/cienypico.es\/fr\/wp-json\/wp\/v2\/pages\/718","targetHints":{"allow":["GET"]}}],"collection":[{"href":"https:\/\/cienypico.es\/fr\/wp-json\/wp\/v2\/pages"}],"about":[{"href":"https:\/\/cienypico.es\/fr\/wp-json\/wp\/v2\/types\/page"}],"author":[{"embeddable":true,"href":"https:\/\/cienypico.es\/fr\/wp-json\/wp\/v2\/users\/1"}],"replies":[{"embeddable":true,"href":"https:\/\/cienypico.es\/fr\/wp-json\/wp\/v2\/comments?post=718"}],"version-history":[{"count":0,"href":"https:\/\/cienypico.es\/fr\/wp-json\/wp\/v2\/pages\/718\/revisions"}],"wp:attachment":[{"href":"https:\/\/cienypico.es\/fr\/wp-json\/wp\/v2\/media?parent=718"}],"curies":[{"name":"wp","href":"https:\/\/api.w.org\/{rel}","templated":true}]}}