{"id":717,"date":"2025-01-13T13:21:14","date_gmt":"2025-01-13T12:21:14","guid":{"rendered":"https:\/\/cienypico.es\/accessibilite\/"},"modified":"2025-01-13T13:21:14","modified_gmt":"2025-01-13T12:21:14","slug":"accessibilite","status":"publish","type":"page","link":"https:\/\/cienypico.es\/fr\/accessibilite\/","title":{"rendered":"Accessibilit\u00e9"},"content":{"rendered":"<p><em><strong>CIEN Y PICO SL<\/strong><\/em> se ha comprometido a hacer accesible su sitio web de conformidad con el Real Decreto 1112\/2018, de 7 de septiembre, sobre accesibilidad de los sitios web y aplicaciones para dispositivos m\u00f3viles del sector p\u00fablico, o desarrollos financiados desde Europa.<\/p>\n<p>La pr\u00e9sente d\u00e9claration d&rsquo;accessibilit\u00e9 s&rsquo;applique au site web <a href=\"https:\/\/cienypico.com\/\" target=\"_blank\" rel=\"noopener\"><strong>https:\/\/www.cienypico.com\/<\/strong><\/a> excluyendo los contenidos incrustados provenientes de otros dominios.<\/p>\n<h2>Situation d&rsquo;ex\u00e9cution<\/h2>\n<p>Ce site web est partiellement conforme au RD 1112\/2018 en raison de la non-conformit\u00e9 des aspects indiqu\u00e9s ci-apr\u00e8s.<\/p>\n<h3>Contenido no accesible<\/h3>\n<p>Le contenu que vous trouverez \u00e0 la suite n&rsquo;est pas accessible pour les raisons suivantes :<\/p>\n<ul>\n<li>Falta de conformidad :\n<ul>\n<li>Pueden existir algunas im\u00e1genes cuya alternativa no est\u00e9 implementada o no sea correcta &#8211; &#8211; Requisito 9.1.1.1 Contenido no textual UNE-EN 301549:2022<\/li>\n<li>Puede existir elementos de encabezado incorrectamente implementados, o cuyo orden l\u00f3gico no sea el correcto &#8211; Requisito n\u00famero 9.1.3.1 Informaci\u00f3n y relaciones de UNE-EN 301549:2022<\/li>\n<li>Le site web ne propose pas de syst\u00e8me de navigation alternatif au menu &#8211; Exigence n\u00famero 9.2.4.5 M\u00faltiples V\u00edas de UNE-EN 301549:2022<\/li>\n<li>Pueden existir algunos enlaces cuyo foco no se muestra &#8211; Requisito n\u00famero 9.2.4.7 Foco visible de UNE-EN 301549:2020<\/li>\n<li>Pueden existir elementos provenientes de otros sistemas o webs, que no dispongan de una definici\u00f3n de funci\u00f3n suficiente &#8211; Requisito n\u00famero 9.4.1.2 Nombre, funci\u00f3n y valor de UNE-EN 301549:2020<\/li>\n<li>Il peut y avoir des erreurs d&rsquo;\u00e9dition ponctuelles dans une page web.<\/li>\n<\/ul>\n<\/li>\n<li>Carga desproporcionada : No resulta aplicable.<\/li>\n<li>El contenido no entra dentro del \u00e1mbito de la legislaci\u00f3n aplicable.<\/li>\n<\/ul>\n<p>Podr\u00edan existir archivos ofim\u00e1ticos en PDF u otros formatos publicados antes del 20 de septiembre de 2018 que no cumplan en su totalidad todos los requisitos de accesibilidad.<br \/>\nPuede haber contenidos de terceros que no est\u00e9n desarrollados en esta Unidad, ni bajo su control, como archivos ofim\u00e1ticos de diferentes organismos que deban publicarse en este sitio.<\/p>\n<h2>Observations et donn\u00e9es de contact<\/h2>\n<p>Puede realizar comunicaciones sobre requisitos de accesibilidad [art\u00edculo 10.2.a) del RD 1112\/2018] como, por ejemplo :<\/p>\n<ul>\n<li>Informer de tout manquement \u00e9ventuel de la part de ce site web.<\/li>\n<li>Transmettre d&rsquo;autres difficult\u00e9s d&rsquo;acc\u00e8s au contenu.<\/li>\n<li>Formuler toute autre consultation ou demande d&rsquo;am\u00e9lioration relative \u00e0 l&rsquo;accessibilit\u00e9 du site web par l&rsquo;interm\u00e9diaire de la direction de l&#8217;email <a href=\"mailto:luisjimenaz@gmail.com\"><em>luisjimenaz@gmail.com<\/em><\/a><\/li>\n<\/ul>\n<p>Puede presentar :<\/p>\n<ul>\n<li>Une question relative au respect des exigences du RD 1112\/2018<\/li>\n<li>Una solicitud de informaci\u00f3n accesible relativa a :\n<ul>\n<li>Contenidos que est\u00e1n excluidos del \u00e1mbito de aplicaci\u00f3n del RD 1112\/2018 seg\u00fan lo establecido por el art\u00edculo 3, apartado 4.<\/li>\n<li>Contenidos que est\u00e1n exentos del cumplimiento de los requisitos de accesibilidad por imponer una carga desproporcionada.<\/li>\n<\/ul>\n<\/li>\n<\/ul>\n<p>En la solicitud de informaci\u00f3n accesible, se debe concretretar, con toda claridad, los hechos, razones y petici\u00f3n que permitan constatar que se trata de una solicitud razonable y leg\u00edtima.<\/p>\n","protected":false},"excerpt":{"rendered":"<p>CIEN Y PICO SL se ha comprometido a hacer accesible su sitio web de conformidad con el Real Decreto 1112\/2018, de 7 de septiembre, sobre accesibilidad de los sitios web&#8230;<\/p>\n","protected":false},"author":1,"featured_media":0,"parent":0,"menu_order":0,"comment_status":"closed","ping_status":"closed","template":"","meta":{"footnotes":""},"class_list":["post-717","page","type-page","status-publish"],"_links":{"self":[{"href":"https:\/\/cienypico.es\/fr\/wp-json\/wp\/v2\/pages\/717","targetHints":{"allow":["GET"]}}],"collection":[{"href":"https:\/\/cienypico.es\/fr\/wp-json\/wp\/v2\/pages"}],"about":[{"href":"https:\/\/cienypico.es\/fr\/wp-json\/wp\/v2\/types\/page"}],"author":[{"embeddable":true,"href":"https:\/\/cienypico.es\/fr\/wp-json\/wp\/v2\/users\/1"}],"replies":[{"embeddable":true,"href":"https:\/\/cienypico.es\/fr\/wp-json\/wp\/v2\/comments?post=717"}],"version-history":[{"count":0,"href":"https:\/\/cienypico.es\/fr\/wp-json\/wp\/v2\/pages\/717\/revisions"}],"wp:attachment":[{"href":"https:\/\/cienypico.es\/fr\/wp-json\/wp\/v2\/media?parent=717"}],"curies":[{"name":"wp","href":"https:\/\/api.w.org\/{rel}","templated":true}]}}