{"id":614,"date":"2025-01-21T13:41:27","date_gmt":"2025-01-21T12:41:27","guid":{"rendered":"https:\/\/cienypico.es\/producto\/en-vaso\/"},"modified":"2025-05-15T12:45:01","modified_gmt":"2025-05-15T10:45:01","slug":"en-vaso","status":"publish","type":"product","link":"https:\/\/cienypico.es\/es\/producto\/en-vaso\/","title":{"rendered":"\u00a1En Vaso&#8230;!"},"content":{"rendered":"[vc_row type=\u00bbin_container\u00bb full_screen_row_position=\u00bbmiddle\u00bb column_margin=\u00bbdefault\u00bb column_direction=\u00bbdefault\u00bb column_direction_tablet=\u00bbdefault\u00bb column_direction_phone=\u00bbdefault\u00bb scene_position=\u00bbcenter\u00bb text_color=\u00bbdark\u00bb text_align=\u00bbleft\u00bb row_border_radius=\u00bbnone\u00bb row_border_radius_applies=\u00bbbg\u00bb overflow=\u00bbvisible\u00bb overlay_strength=\u00bb0.3&#8243; gradient_direction=\u00bbleft_to_right\u00bb shape_divider_position=\u00bbbottom\u00bb bg_image_animation=\u00bbnone\u00bb][vc_column column_padding=\u00bbno-extra-padding\u00bb column_padding_tablet=\u00bbinherit\u00bb column_padding_phone=\u00bbinherit\u00bb column_padding_position=\u00bball\u00bb column_element_direction_desktop=\u00bbdefault\u00bb column_element_spacing=\u00bbdefault\u00bb desktop_text_alignment=\u00bbdefault\u00bb tablet_text_alignment=\u00bbdefault\u00bb phone_text_alignment=\u00bbdefault\u00bb background_color_opacity=\u00bb1&#8243; background_hover_color_opacity=\u00bb1&#8243; column_backdrop_filter=\u00bbnone\u00bb column_shadow=\u00bbnone\u00bb column_border_radius=\u00bbnone\u00bb column_link_target=\u00bb_self\u00bb column_position=\u00bbdefault\u00bb gradient_direction=\u00bbleft_to_right\u00bb overlay_strength=\u00bb0.3&#8243; width=\u00bb1\/1&#8243; tablet_width_inherit=\u00bbdefault\u00bb animation_type=\u00bbdefault\u00bb bg_image_animation=\u00bbnone\u00bb border_type=\u00bbsimple\u00bb column_border_width=\u00bbnone\u00bb column_border_style=\u00bbsolid\u00bb][toggles style=\u00bbdefault\u00bb border_radius=\u00bbnone\u00bb][toggle color=\u00bbDefault\u00bb heading_tag=\u00bbdefault\u00bb heading_tag_functionality=\u00bbdefault\u00bb title=\u00bbMaridaje\u00bb][vc_column_text css=\u00bb\u00bb text_direction=\u00bbdefault\u00bb]<img loading=\"lazy\" decoding=\"async\" class=\"alignnone size-medium wp-image-266\" src=\"https:\/\/cienypico.es\/wp-content\/uploads\/2025\/01\/food-pairing-removebg-300x59.png\" alt=\"\" width=\"300\" height=\"59\" srcset=\"https:\/\/cienypico.es\/wp-content\/uploads\/2025\/01\/food-pairing-removebg-300x59.png 300w, https:\/\/cienypico.es\/wp-content\/uploads\/2025\/01\/food-pairing-removebg.png 340w\" sizes=\"auto, (max-width: 300px) 100vw, 300px\" \/><\/p>\n<p>Salchichas regionales: Sudjuk b\u00falgaro, Chorizo La Manchuela o Longaniza Ahumada espa\u00f1oles, Soppressata di Basilicata italiana, o un bocadillo de salchicha BBQ australiana.[\/vc_column_text][\/toggle][toggle color=\u00bbDefault\u00bb heading_tag=\u00bbdefault\u00bb heading_tag_functionality=\u00bbdefault\u00bb title=\u00bbMis cualidades\u00bb][vc_column_text css=\u00bb\u00bb text_direction=\u00bbdefault\u00bb]<strong>Color:<\/strong> morado realmente intenso.<br \/>\n<strong>Aromas<\/strong>: vibrantes y profundos, llenos de frutas y chocolate. Un conjunto de aromas intensos y puros, con ar\u00e1ndanos, canela y un toque de frutos rojos. Si tu paciencia te lo permite, tambi\u00e9n puedes encontrar bals\u00e1micos, grafito y piedra caliza. \u00a1Pero tienes<br \/>\npara darle algo de tiempo en la copa!<br \/>\n<strong>Boca:<\/strong> hace una entrada fresca en boca, a la vez que dulce y aterciopelada, sabrosa y compleja. Es sin duda un vino amable y te invita a seguir bebiendo en cada sorbo.[\/vc_column_text][\/toggle][\/toggles][\/vc_column][\/vc_row][vc_row type=\u00bbin_container\u00bb full_screen_row_position=\u00bbmiddle\u00bb column_margin=\u00bbdefault\u00bb column_direction=\u00bbdefault\u00bb column_direction_tablet=\u00bbdefault\u00bb column_direction_phone=\u00bbdefault\u00bb scene_position=\u00bbcenter\u00bb text_color=\u00bbdark\u00bb text_align=\u00bbleft\u00bb row_border_radius=\u00bbnone\u00bb row_border_radius_applies=\u00bbbg\u00bb overflow=\u00bbvisible\u00bb overlay_strength=\u00bb0.3&#8243; gradient_direction=\u00bbleft_to_right\u00bb shape_divider_position=\u00bbbottom\u00bb bg_image_animation=\u00bbnone\u00bb][vc_column column_padding=\u00bbno-extra-padding\u00bb column_padding_tablet=\u00bbinherit\u00bb column_padding_phone=\u00bbinherit\u00bb column_padding_position=\u00bball\u00bb column_element_direction_desktop=\u00bbdefault\u00bb column_element_spacing=\u00bbdefault\u00bb desktop_text_alignment=\u00bbdefault\u00bb tablet_text_alignment=\u00bbdefault\u00bb phone_text_alignment=\u00bbdefault\u00bb background_color_opacity=\u00bb1&#8243; background_hover_color_opacity=\u00bb1&#8243; column_backdrop_filter=\u00bbnone\u00bb column_shadow=\u00bbnone\u00bb column_border_radius=\u00bbnone\u00bb column_link_target=\u00bb_self\u00bb column_position=\u00bbdefault\u00bb gradient_direction=\u00bbleft_to_right\u00bb overlay_strength=\u00bb0.3&#8243; width=\u00bb1\/1&#8243; tablet_width_inherit=\u00bbdefault\u00bb animation_type=\u00bbdefault\u00bb bg_image_animation=\u00bbnone\u00bb border_type=\u00bbsimple\u00bb column_border_width=\u00bbnone\u00bb column_border_style=\u00bbsolid\u00bb][nectar_cta btn_style=\u00bbarrow-animation\u00bb heading_tag=\u00bbh6&#8243; font_size_min=\u00bb16px\u00bb border_radius=\u00bb0&#8243; button_color=\u00bbdefault\u00bb button_color_hover=\u00bb#ffffff\u00bb text_color=\u00bb#fca103&#8243; text_color_hover=\u00bb#fca103&#8243; button_border_color=\u00bb#fca103&#8243; button_border_color_hover=\u00bb#ffffff\u00bb button_border_thickness=\u00bb0px\u00bb link_type=\u00bbimage_lightbox\u00bb alignment=\u00bbleft\u00bb alignment_tablet=\u00bbdefault\u00bb alignment_phone=\u00bbdefault\u00bb display=\u00bbblock\u00bb display_tablet=\u00bbinherit\u00bb display_phone=\u00bbinherit\u00bb url=\u00bbhttps:\/\/cienypico.es\/wp-content\/uploads\/2025\/01\/\u00a1En-Vaso.pdf\u00bb link_text=\u00bbDESCARGAR LA FICHA DE CATA COMPLETA\u00bb][\/vc_column][\/vc_row]\n","protected":false},"excerpt":{"rendered":"<blockquote>\n<h5>\u00a1En Vaso&#8230;! es la b\u00fasqueda quijotesca de Cien y Pico, para proteger y honrar nuestros vi\u00f1edos del siglo XIX y permitir, si quieres, que cuatro En\u00f3logos-errantes, luchen contra los enemigos en la batalla por los vi\u00f1edos de la biodiversidad, el terroir y la her\u00e1ldica.<\/h5>\n<\/blockquote>\n<ul>\n<li><strong>DO:<\/strong> Manchuela<\/li>\n<li><strong>Variedades:<\/strong> Bobal<\/li>\n<li><strong>Alcohol:<\/strong> 14<\/li>\n<li><strong>Envejecimiento<\/strong>: el 20% del vino ha pasado 10 meses en barricas viejas, y el 80% ha pasado 6 meses en roble nuevo.<\/li>\n<\/ul>\n","protected":false},"featured_media":568,"template":"","meta":[],"product_brand":[],"product_cat":[34],"product_tag":[],"class_list":{"0":"post-614","1":"product","2":"type-product","3":"status-publish","4":"has-post-thumbnail","6":"product_cat-sin-categoria","8":"first","9":"instock","10":"shipping-taxable","11":"product-type-simple"},"_links":{"self":[{"href":"https:\/\/cienypico.es\/es\/wp-json\/wp\/v2\/product\/614","targetHints":{"allow":["GET"]}}],"collection":[{"href":"https:\/\/cienypico.es\/es\/wp-json\/wp\/v2\/product"}],"about":[{"href":"https:\/\/cienypico.es\/es\/wp-json\/wp\/v2\/types\/product"}],"wp:featuredmedia":[{"embeddable":true,"href":"https:\/\/cienypico.es\/es\/wp-json\/wp\/v2\/media\/568"}],"wp:attachment":[{"href":"https:\/\/cienypico.es\/es\/wp-json\/wp\/v2\/media?parent=614"}],"wp:term":[{"taxonomy":"product_brand","embeddable":true,"href":"https:\/\/cienypico.es\/es\/wp-json\/wp\/v2\/product_brand?post=614"},{"taxonomy":"product_cat","embeddable":true,"href":"https:\/\/cienypico.es\/es\/wp-json\/wp\/v2\/product_cat?post=614"},{"taxonomy":"product_tag","embeddable":true,"href":"https:\/\/cienypico.es\/es\/wp-json\/wp\/v2\/product_tag?post=614"}],"curies":[{"name":"wp","href":"https:\/\/api.w.org\/{rel}","templated":true}]}}