{"id":612,"date":"2025-01-21T17:04:59","date_gmt":"2025-01-21T16:04:59","guid":{"rendered":"https:\/\/cienypico.es\/producto\/knights-errant\/"},"modified":"2025-05-15T12:44:14","modified_gmt":"2025-05-15T10:44:14","slug":"knights-errant","status":"publish","type":"product","link":"https:\/\/cienypico.es\/es\/producto\/knights-errant\/","title":{"rendered":"Knight&#8217;s Errant"},"content":{"rendered":"[vc_row type=\u00bbin_container\u00bb full_screen_row_position=\u00bbmiddle\u00bb column_margin=\u00bbdefault\u00bb column_direction=\u00bbdefault\u00bb column_direction_tablet=\u00bbdefault\u00bb column_direction_phone=\u00bbdefault\u00bb scene_position=\u00bbcenter\u00bb text_color=\u00bbdark\u00bb text_align=\u00bbleft\u00bb row_border_radius=\u00bbnone\u00bb row_border_radius_applies=\u00bbbg\u00bb overflow=\u00bbvisible\u00bb overlay_strength=\u00bb0.3&#8243; gradient_direction=\u00bbleft_to_right\u00bb shape_divider_position=\u00bbbottom\u00bb bg_image_animation=\u00bbnone\u00bb][vc_column column_padding=\u00bbno-extra-padding\u00bb column_padding_tablet=\u00bbinherit\u00bb column_padding_phone=\u00bbinherit\u00bb column_padding_position=\u00bball\u00bb column_element_direction_desktop=\u00bbdefault\u00bb column_element_spacing=\u00bbdefault\u00bb desktop_text_alignment=\u00bbdefault\u00bb tablet_text_alignment=\u00bbdefault\u00bb phone_text_alignment=\u00bbdefault\u00bb background_color_opacity=\u00bb1&#8243; background_hover_color_opacity=\u00bb1&#8243; column_backdrop_filter=\u00bbnone\u00bb column_shadow=\u00bbnone\u00bb column_border_radius=\u00bbnone\u00bb column_link_target=\u00bb_self\u00bb column_position=\u00bbdefault\u00bb gradient_direction=\u00bbleft_to_right\u00bb overlay_strength=\u00bb0.3&#8243; width=\u00bb1\/1&#8243; tablet_width_inherit=\u00bbdefault\u00bb animation_type=\u00bbdefault\u00bb bg_image_animation=\u00bbnone\u00bb border_type=\u00bbsimple\u00bb column_border_width=\u00bbnone\u00bb column_border_style=\u00bbsolid\u00bb][toggles style=\u00bbdefault\u00bb border_radius=\u00bbnone\u00bb][toggle color=\u00bbDefault\u00bb heading_tag=\u00bbdefault\u00bb heading_tag_functionality=\u00bbdefault\u00bb title=\u00bbMaridaje\u00bb][vc_column_text css=\u00bb\u00bb text_direction=\u00bbdefault\u00bb]<img loading=\"lazy\" decoding=\"async\" class=\"alignnone size-full wp-image-281\" src=\"https:\/\/cienypico.es\/wp-content\/uploads\/2025\/01\/food-pairing-doblepasta-removebg-preview.png\" alt=\"\" width=\"258\" height=\"52\"><\/p>\n<p>Ensaladas, jam\u00f3n de primera calidad, platos con trufa blanca.[\/vc_column_text][\/toggle][toggle color=\u00bbDefault\u00bb heading_tag=\u00bbdefault\u00bb heading_tag_functionality=\u00bbdefault\u00bb title=\u00bbMis cualidades\u00bb][vc_column_text css=\u00bb\u00bb text_direction=\u00bbdefault\u00bb]<strong>Color:<\/strong> ten en cuenta que los labios, los dientes y cualquier otra cosa que entre en contacto con esto, se vuelven morados. Derrama este vino y manchar\u00e1 algo. Est\u00e1s advertido.<br \/>\n<strong>Aromas<\/strong>: agujero negro de olores profundos y concentrados, lo primero que me viene a la mente es una compota de ar\u00e1ndanos, moras y el mejor chocolate negro 99% Cacao. Toques de canela, especias y olores ex\u00f3ticos de pimienta negra fresca, lirios de apertura y azafr\u00e1n. Tambi\u00e9n hay aromas magn\u00edficamente complementarios de las mejores barricas de roble franc\u00e9s.<br \/>\n<strong>Paladar:<\/strong> un \u00e9xito absoluto. Fruta de mora intensa, fuerte pero suave, un guante de terciopelo sobre un pu\u00f1o de hierro. Adem\u00e1s, cuero oscuro y taninos secos de alto contenido en cacao y una paleta casi trufada de chocolate, apoyada por una cremosa tarta de queso con ar\u00e1ndanos y moras puras. Todo esto en tu paladar, s\u00ed.[\/vc_column_text][\/toggle][\/toggles][\/vc_column][\/vc_row][vc_row type=\u00bbin_container\u00bb full_screen_row_position=\u00bbmiddle\u00bb column_margin=\u00bbdefault\u00bb column_direction=\u00bbdefault\u00bb column_direction_tablet=\u00bbdefault\u00bb column_direction_phone=\u00bbdefault\u00bb scene_position=\u00bbcenter\u00bb text_color=\u00bbdark\u00bb text_align=\u00bbleft\u00bb row_border_radius=\u00bbnone\u00bb row_border_radius_applies=\u00bbbg\u00bb overflow=\u00bbvisible\u00bb overlay_strength=\u00bb0.3&#8243; gradient_direction=\u00bbleft_to_right\u00bb shape_divider_position=\u00bbbottom\u00bb bg_image_animation=\u00bbnone\u00bb][vc_column column_padding=\u00bbno-extra-padding\u00bb column_padding_tablet=\u00bbinherit\u00bb column_padding_phone=\u00bbinherit\u00bb column_padding_position=\u00bball\u00bb column_element_direction_desktop=\u00bbdefault\u00bb column_element_spacing=\u00bbdefault\u00bb desktop_text_alignment=\u00bbdefault\u00bb tablet_text_alignment=\u00bbdefault\u00bb phone_text_alignment=\u00bbdefault\u00bb background_color_opacity=\u00bb1&#8243; background_hover_color_opacity=\u00bb1&#8243; column_backdrop_filter=\u00bbnone\u00bb column_shadow=\u00bbnone\u00bb column_border_radius=\u00bbnone\u00bb column_link_target=\u00bb_self\u00bb column_position=\u00bbdefault\u00bb gradient_direction=\u00bbleft_to_right\u00bb overlay_strength=\u00bb0.3&#8243; width=\u00bb1\/1&#8243; tablet_width_inherit=\u00bbdefault\u00bb animation_type=\u00bbdefault\u00bb bg_image_animation=\u00bbnone\u00bb border_type=\u00bbsimple\u00bb column_border_width=\u00bbnone\u00bb column_border_style=\u00bbsolid\u00bb][nectar_cta btn_style=\u00bbarrow-animation\u00bb heading_tag=\u00bbh6&#8243; font_size_min=\u00bb16px\u00bb border_radius=\u00bb0&#8243; button_color=\u00bbdefault\u00bb button_color_hover=\u00bb#ffffff\u00bb text_color=\u00bb#fca103&#8243; text_color_hover=\u00bb#fca103&#8243; button_border_color=\u00bb#fca103&#8243; button_border_color_hover=\u00bb#ffffff\u00bb button_border_thickness=\u00bb0px\u00bb link_type=\u00bbimage_lightbox\u00bb alignment=\u00bbleft\u00bb alignment_tablet=\u00bbdefault\u00bb alignment_phone=\u00bbdefault\u00bb display=\u00bbblock\u00bb display_tablet=\u00bbinherit\u00bb display_phone=\u00bbinherit\u00bb url=\u00bbhttps:\/\/cienypico.es\/wp-content\/uploads\/2025\/01\/Knights-Errant.pdf\u00bb link_text=\u00bbDESCARGAR LA FICHA DE CATA COMPLETA\u00bb][\/vc_column][\/vc_row]\n","protected":false},"excerpt":{"rendered":"<blockquote>\n<h5>El Knight&#8217;s Errant es demasiado largo en boca para describirlo, salvo para decir que es inquietantemente largo en los ecos del sabor.<\/h5>\n<\/blockquote>\n<ul>\n<li><strong>DO:<\/strong> Manchuela<\/li>\n<li><strong>Variedades:<\/strong> Garnacha Tintoreta<\/li>\n<li><strong>Alcohol:<\/strong> 14,1%.<\/li>\n<li><strong>Envejecimiento<\/strong>: 16 meses en barricas nuevas<\/li>\n<\/ul>\n","protected":false},"featured_media":569,"template":"","meta":[],"product_brand":[],"product_cat":[34],"product_tag":[],"class_list":{"0":"post-612","1":"product","2":"type-product","3":"status-publish","4":"has-post-thumbnail","6":"product_cat-sin-categoria","8":"first","9":"instock","10":"shipping-taxable","11":"product-type-simple"},"_links":{"self":[{"href":"https:\/\/cienypico.es\/es\/wp-json\/wp\/v2\/product\/612","targetHints":{"allow":["GET"]}}],"collection":[{"href":"https:\/\/cienypico.es\/es\/wp-json\/wp\/v2\/product"}],"about":[{"href":"https:\/\/cienypico.es\/es\/wp-json\/wp\/v2\/types\/product"}],"wp:featuredmedia":[{"embeddable":true,"href":"https:\/\/cienypico.es\/es\/wp-json\/wp\/v2\/media\/569"}],"wp:attachment":[{"href":"https:\/\/cienypico.es\/es\/wp-json\/wp\/v2\/media?parent=612"}],"wp:term":[{"taxonomy":"product_brand","embeddable":true,"href":"https:\/\/cienypico.es\/es\/wp-json\/wp\/v2\/product_brand?post=612"},{"taxonomy":"product_cat","embeddable":true,"href":"https:\/\/cienypico.es\/es\/wp-json\/wp\/v2\/product_cat?post=612"},{"taxonomy":"product_tag","embeddable":true,"href":"https:\/\/cienypico.es\/es\/wp-json\/wp\/v2\/product_tag?post=612"}],"curies":[{"name":"wp","href":"https:\/\/api.w.org\/{rel}","templated":true}]}}