{"id":618,"date":"2024-12-16T17:10:39","date_gmt":"2024-12-16T16:10:39","guid":{"rendered":"https:\/\/cienypico.es\/politica-de-privacidad\/"},"modified":"2025-05-15T12:53:09","modified_gmt":"2025-05-15T10:53:09","slug":"politica-de-privacidad","status":"publish","type":"page","link":"https:\/\/cienypico.es\/es\/politica-de-privacidad\/","title":{"rendered":"Pol\u00edtica de privacidad"},"content":{"rendered":"&#13;\n<p><em><strong>CIEN Y PICO WINE S. L.<\/strong><\/em> informa seguidamente de su pol\u00edtica de privacidad aplicada a los datos personales. De esta manera, todos los datos personales que tenga bajo su responsabilidad ser\u00e1n tratados de acuerdo con el Reglamento (UE) 2016\/679, del Parlamento Europeo y del Consejo, de 27 de abril de 2016, de Protecci\u00f3n de Datos de Car\u00e1cter Personal y se guardar\u00e1n las debidas medidas de seguridad y confidencialidad de los mismos.<\/p>&#13;\n<p>La visita del sitio web: cienypico.com no implica que el usuario deba suministrar informaci\u00f3n alguna respecto a su identidad, no pudiendo ser asociada a un usuario concreto por la empresa. En el supuesto que se suministre datos de car\u00e1cter de personal, estos datos ser\u00e1n recogidos y utilizados conforme a las limitaciones y los derechos recogidos en la citada norma de protecci\u00f3n de datos.<br\/>Los usuarios que faciliten datos de car\u00e1cter personal consienten de forma clara, exacta e inequ\u00edvoca las presentes condiciones.<\/p>&#13;\n<h2 class=\"wp-block-heading\">1. Recogida de datos.<\/h2>&#13;\n<p>La recogida de datos de car\u00e1cter personal se realizar\u00e1 \u00fanica y exclusivamente a trav\u00e9s del formulario de contacto publicado en la web y de los correos electr\u00f3nicos que los usuarios puedan remitir a <em><strong>CIEN Y PICO WINE SL<\/strong> <\/em>que ser\u00e1n incluidos en un fichero automatizado.<\/p>&#13;\n<p>Los ficheros titularidad de <em><strong>CIEN Y PICO WINE SL<\/strong><\/em> figuran inscritos en el Registro General de la Agencia Espa\u00f1ola de Protecci\u00f3n de Datos, al que podr\u00e1 acceder el usuario o visitante para comprobar la situaci\u00f3n de aquellos.<\/p>&#13;\n<p><em><strong>CIEN Y PICO WINE SL<\/strong><\/em> conservar\u00e1 sus datos una vez finalizada la relaci\u00f3n con el usuario para cumplir las obligaciones legales necesarias. A su vez, proceder\u00e1 a la cancelaci\u00f3n de los datos recogidos cuando dejen de ser necesarios para la finalidad para la que fueron recabados.<\/p>&#13;\n<h2>2. Seguridad de la informaci\u00f3n.<\/h2>&#13;\n<p><em><strong>CIEN Y PICO WINE SL<\/strong> <\/em>ha desarrollado todos los sistemas y medidas t\u00e9cnicas y organizativas a su alcance, previstas en la normativa de protecci\u00f3n de datos de car\u00e1cter personal para evitar la p\u00e9rdida, mal uso, alteraci\u00f3n, acceso no autorizado y sustracci\u00f3n de los datos de car\u00e1cter personal facilitados por el usuario o visitante.<\/p>&#13;\n<p>No obstante, el usuario o visitante debe ser consciente de que las medidas de seguridad en Internet no son inexpugnables.<\/p>&#13;\n<h2>3. Confidencialidad y Secreto profesional.<\/h2>&#13;\n<p>Las comunicaciones privadas que pudieran darse entre el personal de, <em><strong>CIEN Y PICO WINE SL<\/strong><\/em> y los usuarios o visitantes ser\u00e1n consideradas como confidenciales. El acceso a esta informaci\u00f3n est\u00e1 restringido mediante herramientas tecnol\u00f3gicas y mediante estrictos controles internos.<\/p>&#13;\n<h2><strong>4. Enlaces con otros sitios web.<\/strong><\/h2>&#13;\n<p>El presente sitio web puede contener enlaces o links con otros sitios. Se informa que <em><strong>CIEN Y PICO WINE SL<\/strong><\/em> no dispone de control alguno ni ostenta responsabilidad alguna sobre las pol\u00edticas o medidas de protecci\u00f3n de datos de otros sitios web.<\/p>&#13;\n<h2>5. Derechos de los usuarios.<\/h2>&#13;\n<p>El usuario podr\u00e1 ejercitar, respecto a los datos recabados en la forma prevista, los derechos reconocidos por el Reglamento (UE) 2016\/679, del Parlamento Europeo y del Consejo, de 27 de abril de 2016, de Protecci\u00f3n de Datos de Car\u00e1cter Personal y en particular los derechos de acceso, rectificaci\u00f3n o cancelaci\u00f3n de datos y oposici\u00f3n.<\/p>&#13;\n<p>Podr\u00e1 ejercer sus derechos, mediante solicitud remitida por correo ordinario, firmado y acompa\u00f1ado de fotocopia del D.N.I., a la direcci\u00f3n de la sede de <em><strong>CIEN Y PICO WINE SL<\/strong><\/em> arriba indicada.<br\/><em><strong>CIEN Y PICO WINE SL<\/strong><\/em> informa que los datos personales recabados, cuando hayan dejado de ser necesarios o pertinentes para la finalidad para la cual fueron recogidos, ser\u00e1n cancelados conforme establece la normativa de protecci\u00f3n de datos de car\u00e1cter personal.\u00a0<\/p>&#13;<p>&nbsp;<\/p>","protected":false},"excerpt":{"rendered":"<p>&#13; CIEN Y PICO WINE S. L. informa seguidamente de su pol\u00edtica de privacidad aplicada a los datos personales. De esta manera, todos los datos personales que tenga bajo su&#8230;<\/p>\n","protected":false},"author":1,"featured_media":0,"parent":0,"menu_order":0,"comment_status":"closed","ping_status":"open","template":"","meta":{"footnotes":""},"class_list":["post-618","page","type-page","status-publish"],"_links":{"self":[{"href":"https:\/\/cienypico.es\/es\/wp-json\/wp\/v2\/pages\/618","targetHints":{"allow":["GET"]}}],"collection":[{"href":"https:\/\/cienypico.es\/es\/wp-json\/wp\/v2\/pages"}],"about":[{"href":"https:\/\/cienypico.es\/es\/wp-json\/wp\/v2\/types\/page"}],"author":[{"embeddable":true,"href":"https:\/\/cienypico.es\/es\/wp-json\/wp\/v2\/users\/1"}],"replies":[{"embeddable":true,"href":"https:\/\/cienypico.es\/es\/wp-json\/wp\/v2\/comments?post=618"}],"version-history":[{"count":1,"href":"https:\/\/cienypico.es\/es\/wp-json\/wp\/v2\/pages\/618\/revisions"}],"predecessor-version":[{"id":619,"href":"https:\/\/cienypico.es\/es\/wp-json\/wp\/v2\/pages\/618\/revisions\/619"}],"wp:attachment":[{"href":"https:\/\/cienypico.es\/es\/wp-json\/wp\/v2\/media?parent=618"}],"curies":[{"name":"wp","href":"https:\/\/api.w.org\/{rel}","templated":true}]}}