{"id":615,"date":"2025-01-13T13:25:44","date_gmt":"2025-01-13T12:25:44","guid":{"rendered":"https:\/\/cienypico.es\/aviso-legal\/"},"modified":"2025-01-13T13:25:44","modified_gmt":"2025-01-13T12:25:44","slug":"aviso-legal","status":"publish","type":"page","link":"https:\/\/cienypico.es\/es\/aviso-legal\/","title":{"rendered":"Aviso Legal"},"content":{"rendered":"<p><strong>Denominaci\u00f3n Social:<\/strong> VINO CIEN Y PICO S. L.<\/p>\n<p><strong>Nombre Comercial:<\/strong> CIEN Y PICO<\/p>\n<p><strong>Domicilio Social:<\/strong> C\/ San Francisco, 19, 02240 MAHORA (ALBACETE)<\/p>\n<p><strong>CIF \/ NIF:<\/strong> B02521219<\/p>\n<p><strong>Tel\u00e9fono:<\/strong> +34 610239186<\/p>\n<p><strong>Actividad CNAE:<\/strong> 1102 &#8211; Elaboraci\u00f3n de vinos<\/p>\n<p><strong>Correo electr\u00f3nico<\/strong> <a href=\"mailto:luisjimenaz@gmail.com\"><em>luisjimenaz@gmail.com<\/em><\/a><\/p>\n<p><strong>P\u00e1gina Web:<\/strong> <a href=\"https:\/\/cienypico.com\/\" target=\"_blank\" rel=\"noopener\">www.cienypico.com<\/a><\/p>\n<p>El presente aviso legal recoge las condiciones generales que rigen el acceso y el uso del sitio web:<a href=\"https:\/\/cienypico.com\/\" target=\"_blank\" rel=\"noopener\"> www.cienypico.com<\/a> del que es titular <strong>CIEN Y PICO<\/strong> con domicilio : C\/ San Francisco, 19, 02240 MAHORA (ALBACETE) y CIF: B02521219 Telf: +34 610239186-mail: luisjimenaz@gmail.com<\/p>\n<p>El acceso y uso del sitio web implica la expresa y plena aceptaci\u00f3n de estas condiciones generales en la versi\u00f3n publicada en el momento en que el usuario acceda al mismo, sin perjuicio de las condiciones particulares que pudieran aplicarse en algunos de los servicios concretos del sitio web.<\/p>\n<p>El usuario acepta que el acceso al presente sitio web y de los contenidos incluidos en el mismo tiene lugar libre y conscientemente, bajo su exclusiva responsabilidad.<\/p>\n<p>Los usuarios acceden al sitio web de forma libre y gratuita, si bien <strong>CIEN Y PICO<\/strong> se reserva el derecho de limitar su acceso para determinados contenidos o servicios, exigiendo el registro de sus datos previamente al acceso.<\/p>\n<p><strong>CIEN Y PICO<\/strong> se reserva el derecho a modificar en cualquier momento la presentaci\u00f3n, configuraci\u00f3n y localizaci\u00f3n del sitio web, as\u00ed como los contenidos, servicios y las condiciones requeridas para utilizar los mismos cuando lo considere oportuno o con la finalidad de adecuarse a los cambios legislativos y tecnol\u00f3gicos futuros. Estas modificaciones ser\u00e1n v\u00e1lidas desde su publicaci\u00f3n en el sitio web.<\/p>\n<p><strong>CIEN Y PICO<\/strong> se reserva el derecho a interrumpir el acceso al presente sitio web en cualquier momento y sin previo aviso, ya sea por motivos t\u00e9cnicos, de seguridad, de control, de mantenimiento, por fallos de suministro el\u00e9ctrico, o por cualquier otra causa. Dicha interrupci\u00f3n podr\u00e1 tener car\u00e1cter temporal o definitivo, en cuyo caso se comunicar\u00e1 tal circunstancia a los usuarios, quienes podr\u00e1n sufrir la p\u00e9rdida, en su caso, de la informaci\u00f3n almacenada en los distintos servicios, sin dar lugar a indemnizaci\u00f3n alguna.<\/p>\n<p>Con los l\u00edmites establecidos en la ley, no asume ninguna responsabilidad derivada de la falta de veracidad, integridad, actualizaci\u00f3n y precisi\u00f3n de los datos o informaciones que se contienen en sus p\u00e1ginas de Internet.<\/p>\n<p>Los contenidos e informaci\u00f3n no vinculan a <strong>CIEN Y PICO<\/strong> ni constituyen opiniones, consejos o asesoramiento legal de ning\u00fan tipo pues se trata meramente de un servicio ofrecido con car\u00e1cter informativo y divulgativo.<\/p>\n<p>La p\u00e1gina de Internet de <strong>CIEN Y PICO<\/strong> puede <span style=\"text-decoration: underline;\">contener<\/span> enlaces (links) a otras p\u00e1ginas de terceras partes que no puede controlar.<\/p>\n<p>Por lo tanto, no puede asumir responsabilidades por el contenido que pueda aparecer en p\u00e1ginas de terceros.<\/p>\n<p>Los textos, im\u00e1genes, sonidos, animaciones, software y el resto de contenidos incluidos en este sitio web son propiedad exclusiva de <strong>CIEN Y PICO<\/strong> o sus licenciantes. Cualquier acto de transmisi\u00f3n, distribuci\u00f3n, cesi\u00f3n, reproducci\u00f3n, almacenamiento o comunicaci\u00f3n p\u00fablica total o parcial, debe contar con el consentimiento expreso de<strong> CIEN Y<\/strong> <strong>PICO<\/strong><br \/>\nAsimismo, para acceder a algunos de los servicios que<strong> CIEN Y PICO<\/strong> ofrece a trav\u00e9s del website deber\u00e1 proporcionar algunos datos de car\u00e1cter personal. En cumplimiento de lo establecido en el Reglamento (UE) 2016\/679 del Parlamento Europeo y del Consejo, de 27 de abril de 2016, relativo a la protecci\u00f3n de las personas f\u00edsicas en lo que respecta al tratamiento de datos personales y a la libre circulaci\u00f3n de estos datos le informamos que, mediante la cumplimentaci\u00f3n de los presentes formularios, sus datos personales quedar\u00e1n incorporados y ser\u00e1n tratados en los ficheros de <strong>CIEN Y PICO<\/strong> con el fin de poderle prestar y ofrecer nuestros servicios as\u00ed como para informarle de las mejoras del sitio Web. Asimismo, le informamos de la posibilidad de que ejerza los derechos de acceso, rectificaci\u00f3n, cancelaci\u00f3n y oposici\u00f3n de sus datos de car\u00e1cter personal, de manera gratuita mediante correo electr\u00f3nico a: <a href=\"mailto:luisjimenaz@gmail.com\">luisjimenaz@gmail.com<\/a> o en la direcci\u00f3n: C\/ San Francisco, 19, 02240 MAHORA (ALBACETE)<\/p>\n","protected":false},"excerpt":{"rendered":"<p>Denominaci\u00f3n Social: VINO CIEN Y PICO S. L. Nombre Comercial: CIEN Y PICO Domicilio Social: C\/ San Francisco, 19, 02240 MAHORA (ALBACETE) CIF \/ NIF: B02521219 Tel\u00e9fono: +34 610239186 Actividad&#8230;<\/p>\n","protected":false},"author":1,"featured_media":0,"parent":0,"menu_order":0,"comment_status":"closed","ping_status":"closed","template":"","meta":{"footnotes":""},"class_list":["post-615","page","type-page","status-publish"],"_links":{"self":[{"href":"https:\/\/cienypico.es\/es\/wp-json\/wp\/v2\/pages\/615","targetHints":{"allow":["GET"]}}],"collection":[{"href":"https:\/\/cienypico.es\/es\/wp-json\/wp\/v2\/pages"}],"about":[{"href":"https:\/\/cienypico.es\/es\/wp-json\/wp\/v2\/types\/page"}],"author":[{"embeddable":true,"href":"https:\/\/cienypico.es\/es\/wp-json\/wp\/v2\/users\/1"}],"replies":[{"embeddable":true,"href":"https:\/\/cienypico.es\/es\/wp-json\/wp\/v2\/comments?post=615"}],"version-history":[{"count":0,"href":"https:\/\/cienypico.es\/es\/wp-json\/wp\/v2\/pages\/615\/revisions"}],"wp:attachment":[{"href":"https:\/\/cienypico.es\/es\/wp-json\/wp\/v2\/media?parent=615"}],"curies":[{"name":"wp","href":"https:\/\/api.w.org\/{rel}","templated":true}]}}